{"id":3332,"date":"2020-11-13T16:01:44","date_gmt":"2020-11-13T21:01:44","guid":{"rendered":"https:\/\/dutchcanna.co\/?page_id=3332"},"modified":"2020-11-13T16:08:51","modified_gmt":"2020-11-13T21:08:51","slug":"politica-de-tratamiento-de-datos-personales","status":"publish","type":"page","link":"https:\/\/dutchcanna.co\/en\/politica-de-tratamiento-de-datos-personales\/","title":{"rendered":"Pol\u00edtica de tratamiento de datos personales"},"content":{"rendered":"<div data-elementor-type=\"wp-page\" data-elementor-id=\"3332\" class=\"elementor elementor-3332\" data-elementor-post-type=\"page\">\n\t\t\t\t\t\t<section class=\"elementor-section elementor-top-section elementor-element elementor-element-aacefd4 elementor-section-boxed elementor-section-height-default elementor-section-height-default\" data-id=\"aacefd4\" data-element_type=\"section\">\n\t\t\t\t\t\t<div class=\"elementor-container elementor-column-gap-default\">\n\t\t\t\t\t<div class=\"elementor-column elementor-col-100 elementor-top-column elementor-element elementor-element-b80af49\" data-id=\"b80af49\" data-element_type=\"column\">\n\t\t\t<div class=\"elementor-widget-wrap elementor-element-populated\">\n\t\t\t\t\t\t<div class=\"elementor-element elementor-element-592f76d elementor-widget elementor-widget-heading\" data-id=\"592f76d\" data-element_type=\"widget\" data-widget_type=\"heading.default\">\n\t\t\t\t<div class=\"elementor-widget-container\">\n\t\t\t\t\t<h2 class=\"elementor-heading-title elementor-size-default\">CONOCIMIENTO PARA EL TRATAMIENTO DE DATOS PERSONALES -LEY 1581 DE 2012<\/h2>\t\t\t\t<\/div>\n\t\t\t\t<\/div>\n\t\t\t\t<div class=\"elementor-element elementor-element-b43335a elementor-widget elementor-widget-text-editor\" data-id=\"b43335a\" data-element_type=\"widget\" data-widget_type=\"text-editor.default\">\n\t\t\t\t<div class=\"elementor-widget-container\">\n\t\t\t\t\t\t\t\t\t<p>DUTCH CANNA SAS, identificado con NIT 9012387220 ser\u00e1 el Responsable del tratamiento y, en tal virtud, podr\u00e1 recolectar, almacenar, usar de manera respetuosa y diligente la informaci\u00f3n que\u00a0 admito entregar a trav\u00e9s de los canales de correo electr\u00f3nico, pagina web, formatos de inscripci\u00f3n, encuestas, tel\u00e9fono, celular, whats App, base de datos clientes, para las siguientes finalidades que mas adelante se describen. Manifiesto que \u00a0soy mayor de edad, que me informaron que en caso de recolecci\u00f3n de mi informaci\u00f3n sensible, si esta es considerada como tal, tengo derecho a contestar o no las preguntas que me formulen y a entregar o no los datos solicitados. Entiendo que son datos sensibles aquellos que afectan la intimidad del Titular o cuyo uso indebido puede generar discriminaci\u00f3n. Manifiesto que me informaron que los datos sensibles que se recolectar\u00e1n ser\u00e1n utilizados para las siguientes finalidades:<\/p><ol><li>\u00a0Efectuar las gestiones pertinentes para el desarrollo del objeto social de la compa\u00f1\u00eda en lo que tiene que ver con el cumplimiento del objeto del contrato celebrado con el Titular de la informaci\u00f3n<\/li><li>Realizar invitaciones a eventos y ofrecer nuevos productos y servicios.<\/li><li>Gestionar tr\u00e1mites (solicitudes, quejas, reclamos).<\/li><li>Efectuar encuestas de satisfacci\u00f3n respecto de los bienes y servicios ofrecidos por DUTCH CANNA SAS.<\/li><li>Suministrar informaci\u00f3n de contacto a la fuerza comercial y\/o red de distribuci\u00f3n, telemercadeo, investigaci\u00f3n de mercados y cualquier tercero con el cual DUTCH CANNA SAS. tenga un v\u00ednculo contractual para el desarrollo de actividades de ese tipo (investigaci\u00f3n de mercados y telemercadeo, sondeo encuestas, etc) para la ejecuci\u00f3n de las mismas.<\/li><li>Contactar al Titular a trav\u00e9s de medios telef\u00f3nicos fijo o movil, para realizar encuestas, estudios y\/o confirmaci\u00f3n de datos personales necesarios para la ejecuci\u00f3n de una relaci\u00f3n contractual.<\/li><li>Contactar al Titular a trav\u00e9s de medios electr\u00f3nicos \u2013 SMS o chat para el env\u00edo de noticias relacionadas con campa\u00f1as de fidelizaci\u00f3n o mejora de servicio.<\/li><li>Contactar al Titular a trav\u00e9s de correo electr\u00f3nico para el env\u00edo de extractos, estados de cuenta o facturas en relaci\u00f3n con las obligaciones derivadas del contrato celebrado entre las partes.<\/li><li>Recolecci\u00f3n de informaci\u00f3n con fines de mercadeo, sondeo de mercadeo, comportamiento del consumidor para analisis estadistico, mejora de productos, publicidad de productos, servicios venta y post venta.<\/li><li>Desarrollar actividades de mercadeo, divulgaci\u00f3n, comerciales o promocionales.<\/li><li>Efectuar estudios internos sobre mercadeo y\/o\u00a0 investigaci\u00f3n acad\u00e9mica.<\/li><li>Envio de e-mail, suscripci\u00f3n de newsletter para que los usuarios y clientes reciban actualizaciones, campa\u00f1a publicitaria, contenido exclusivo y promociones de productos o servicios en su correo electr\u00f3nico.<\/li><li>Responder a obligaciones, deberes, mandatos y\/o requerimientos legales de entidades administrativas y judiciales.<\/li><li>Suministrar la informaci\u00f3n a terceros con los cuales DUCTH CANNA SAS tenga relaci\u00f3n contractual directa \u00f3 indirecta, aliados comerciales, y que sea necesario entreg\u00e1rsela para el cumplimiento del objeto contratado.<\/li><li>Informaci\u00f3n de cambios en la politica de tratamiento de datos personales.<\/li><\/ol><p>Manifiesto que he leido,\u00a0 entendido y comprendido\u00a0 cada finalidad se\u00f1alada en este formato y acepto\u00a0 como titular al aplicar aqu\u00ed( X ).<\/p><p>DERECHOS DEL T\u00cdTULAR DE LA INFORMACI\u00d3N: Sus derechos como titular del dato son los previstos en la Constituci\u00f3n y en la Ley 1581 de 2012, especialmente los siguientes: AUTORIZACI\u00d3N PARA EL TRATAMIENTO DE DATOS PERSONALES a) Acceder en forma gratuita a los datos proporcionados que hayan sido objeto de tratamiento. b) Solicitar la actualizaci\u00f3n y rectificaci\u00f3n de su informaci\u00f3n frente a datos parciales, inexactos, incompletos, fraccionados, que induzcan a error, o a aquellos cuyo tratamiento est\u00e9 prohibido o no haya sido autorizado. c) Solicitar prueba de la autorizaci\u00f3n otorgada. d) Presentar ante la Superintendencia de Industria y Comercio (SIC) quejas por infracciones a lo dispuesto en la normatividad vigente. e) Revocar la autorizaci\u00f3n y\/o solicitar la supresi\u00f3n del datos, a menos que exista un deber legal o contractual que haga imperativo conservar la informaci\u00f3n. f) Abstenerse de responder las preguntas sobre datos sensibles o sobre datos de las ni\u00f1as y ni\u00f1os y adolescentes. Estos derechos los podr\u00e9 ejercer a trav\u00e9s de los canales o medios dispuestos por DUTCH CANNA SAS para la atenci\u00f3n al p\u00fablico, la l\u00ednea de atenci\u00f3n nacional 3023024574, el correo electr\u00f3nico contactos@dutchcanna.co y las oficinas de atenci\u00f3n al cliente a nivel nacional, cuya informaci\u00f3n puedo consultar en www.dutchcanna.co disponibles de lunes a viernes de 8:00 a.m. a 6:00 p.m., para la atenci\u00f3n de requerimientos relacionados con el tratamiento de mis datos personales y el ejercicio de los derechos mencionados en esta autorizaci\u00f3n. Por todo lo anterior, he otorgado mi consentimiento a \u00a0DUTCH CANNA SAS para que trate mi informaci\u00f3n personal de acuerdo con la Pol\u00edtica de Tratamiento de Datos Personales dispuesta por la sociedad en \u00a0medio electr\u00f3nico y que me di\u00f3 a conocer antes de recolectar mis datos personales.<\/p><p>As\u00ed mismo, a trav\u00e9s del presente doy constancia que conozco la\u00a0politica de proteccion de datos personales de DUTCH CANNA SAS, contenida en su p\u00e1gina web www.dutachcanna.co y que mis datos ser\u00e1n recogidos en una base de datos con la finalidad(es) arriba se\u00f1aladas y por un plazo indeterminado, contado desde la firma del presente \u00f3 el boton de aceptaci\u00f3n de la misma y sus efectos hasta que se agoten los fines antes autorizados.<\/p><p>As\u00ed mismo, he sido informado que DUCTH CANNA SAS prestar\u00e1 sus mayores esfuerzos para que la base de datos cuente con las medidas de seguridad necesarias para la\u00a0protecci\u00f3n \u00a0conservaci\u00f3n adecuada de los datos,\u00a0 pero no se responsabilizar\u00e1 por eventos de fuerza mayor o caso fortuito que afecten la seguridad de los datos. De igual manera he sido informado \u00a0que tengo la posibilidad de acceder en cualquier momento a los datos suministrados, as\u00ed como de solicitar la correcci\u00f3n, actualizaci\u00f3n o supresi\u00f3n de los mismos y\/o revocar esta autorizaci\u00f3n de tratamiento para uno, varios o todos los fines autorizados, pudiendo presentar consultas respetuosas y reclamos pertinentes en los t\u00e9rminos establecidos en la pol\u00edtica de protecci\u00f3n de datos de DUCTH CANNA SAS contenida en su p\u00e1gina web.\u00a0<\/p><p>Por todo lo anterior en se\u00f1al de aceptaci\u00f3n de todo anterior, consiento y autorizo \u00a0a DUCTH CANNA SAS, para que utilice mis datos personales \u00a0y sean tratados conforme a lo previsto en la presente autorizaci\u00f3n.<\/p><p>Manifiesto que la presente autorizaci\u00f3n me fue solicitada y puesta de presente antes de entregar mis datos y que la suscribo de forma libre y voluntaria una vez le\u00edda en su totalidad.<\/p>\t\t\t\t\t\t\t\t<\/div>\n\t\t\t\t<\/div>\n\t\t\t\t\t<\/div>\n\t\t<\/div>\n\t\t\t\t\t<\/div>\n\t\t<\/section>\n\t\t\t\t<\/div>","protected":false},"excerpt":{"rendered":"<p>CONOCIMIENTO PARA EL TRATAMIENTO DE DATOS PERSONALES -LEY 1581 DE 2012 DUTCH CANNA SAS, identificado con NIT 9012387220 ser\u00e1 el Responsable del tratamiento y, en tal virtud, podr\u00e1 recolectar, almacenar, usar de manera respetuosa y diligente la informaci\u00f3n que\u00a0 admito entregar a trav\u00e9s de los canales de correo electr\u00f3nico, pagina web, formatos de inscripci\u00f3n, encuestas, [&hellip;]<\/p>","protected":false},"author":3,"featured_media":0,"parent":0,"menu_order":0,"comment_status":"closed","ping_status":"closed","template":"","meta":{"footnotes":""},"class_list":["post-3332","page","type-page","status-publish","hentry"],"jetpack_sharing_enabled":true,"_links":{"self":[{"href":"https:\/\/dutchcanna.co\/en\/wp-json\/wp\/v2\/pages\/3332","targetHints":{"allow":["GET"]}}],"collection":[{"href":"https:\/\/dutchcanna.co\/en\/wp-json\/wp\/v2\/pages"}],"about":[{"href":"https:\/\/dutchcanna.co\/en\/wp-json\/wp\/v2\/types\/page"}],"author":[{"embeddable":true,"href":"https:\/\/dutchcanna.co\/en\/wp-json\/wp\/v2\/users\/3"}],"replies":[{"embeddable":true,"href":"https:\/\/dutchcanna.co\/en\/wp-json\/wp\/v2\/comments?post=3332"}],"version-history":[{"count":13,"href":"https:\/\/dutchcanna.co\/en\/wp-json\/wp\/v2\/pages\/3332\/revisions"}],"predecessor-version":[{"id":3347,"href":"https:\/\/dutchcanna.co\/en\/wp-json\/wp\/v2\/pages\/3332\/revisions\/3347"}],"wp:attachment":[{"href":"https:\/\/dutchcanna.co\/en\/wp-json\/wp\/v2\/media?parent=3332"}],"curies":[{"name":"wp","href":"https:\/\/api.w.org\/{rel}","templated":true}]}}