{"id":3417,"date":"2022-12-14T10:16:25","date_gmt":"2022-12-14T15:16:25","guid":{"rendered":"https:\/\/dutchcanna.co\/?page_id=3417"},"modified":"2022-12-14T11:42:47","modified_gmt":"2022-12-14T16:42:47","slug":"mision-y-vision","status":"publish","type":"page","link":"https:\/\/dutchcanna.co\/en\/mision-y-vision\/","title":{"rendered":"Misi\u00f3n y Visi\u00f3n"},"content":{"rendered":"<div data-elementor-type=\"wp-page\" data-elementor-id=\"3417\" class=\"elementor elementor-3417\" data-elementor-post-type=\"page\">\n\t\t\t\t\t\t<section class=\"elementor-section elementor-top-section elementor-element elementor-element-cde53fb elementor-section-boxed elementor-section-height-default elementor-section-height-default\" data-id=\"cde53fb\" data-element_type=\"section\">\n\t\t\t\t\t\t<div class=\"elementor-container elementor-column-gap-default\">\n\t\t\t\t\t<div class=\"elementor-column elementor-col-50 elementor-top-column elementor-element elementor-element-6908850\" data-id=\"6908850\" data-element_type=\"column\">\n\t\t\t<div class=\"elementor-widget-wrap elementor-element-populated\">\n\t\t\t\t\t\t<div class=\"elementor-element elementor-element-0d8f32a elementor-widget elementor-widget-heading\" data-id=\"0d8f32a\" data-element_type=\"widget\" data-widget_type=\"heading.default\">\n\t\t\t\t<div class=\"elementor-widget-container\">\n\t\t\t\t\t<h2 class=\"elementor-heading-title elementor-size-default\">Mission<\/h2>\t\t\t\t<\/div>\n\t\t\t\t<\/div>\n\t\t\t\t<div class=\"elementor-element elementor-element-97a39fa elementor-widget elementor-widget-text-editor\" data-id=\"97a39fa\" data-element_type=\"widget\" data-widget_type=\"text-editor.default\">\n\t\t\t\t<div class=\"elementor-widget-container\">\n\t\t\t\t\t\t\t\t\t<p>Ser una organizaci\u00f3n l\u00edder en investigaci\u00f3n, desarrollo, innovaci\u00f3n, producci\u00f3n y comercializaci\u00f3n en el campo de la medicina cann\u00e1bica. entregando soluciones farmac\u00e9uticas, dermocosm\u00e9tica y veterinarias a base de derivados del cannabis. cumpliendo con altos est\u00e1ndares de calidad y seguridad de los productos, mejorando la calidad de vida de los consumidores; siendo responsables con el medio ambiente a trav\u00e9s de pol\u00edticas y procesos que permiten generar valor a colaboradores, accionistas, proveedores y dem\u00e1s partes interesadas<\/p>\t\t\t\t\t\t\t\t<\/div>\n\t\t\t\t<\/div>\n\t\t\t\t\t<\/div>\n\t\t<\/div>\n\t\t\t\t<div class=\"elementor-column elementor-col-50 elementor-top-column elementor-element elementor-element-6012119\" data-id=\"6012119\" data-element_type=\"column\">\n\t\t\t<div class=\"elementor-widget-wrap elementor-element-populated\">\n\t\t\t\t\t\t<div class=\"elementor-element elementor-element-dc73249 elementor-widget elementor-widget-image\" data-id=\"dc73249\" data-element_type=\"widget\" data-widget_type=\"image.default\">\n\t\t\t\t<div class=\"elementor-widget-container\">\n\t\t\t\t\t\t\t\t\t\t\t\t\t\t\t<img fetchpriority=\"high\" decoding=\"async\" width=\"721\" height=\"721\" src=\"https:\/\/dutchcanna.co\/wp-content\/uploads\/2022\/12\/canna.jpg\" class=\"attachment-large size-large wp-image-3438\" alt=\"\" srcset=\"https:\/\/dutchcanna.co\/wp-content\/uploads\/2022\/12\/canna.jpg 721w, https:\/\/dutchcanna.co\/wp-content\/uploads\/2022\/12\/canna-640x640.jpg 640w, https:\/\/dutchcanna.co\/wp-content\/uploads\/2022\/12\/canna-160x160.jpg 160w, https:\/\/dutchcanna.co\/wp-content\/uploads\/2022\/12\/canna-12x12.jpg 12w, https:\/\/dutchcanna.co\/wp-content\/uploads\/2022\/12\/canna-530x530.jpg 530w\" sizes=\"(max-width: 721px) 100vw, 721px\" \/>\t\t\t\t\t\t\t\t\t\t\t\t\t\t\t<\/div>\n\t\t\t\t<\/div>\n\t\t\t\t\t<\/div>\n\t\t<\/div>\n\t\t\t\t\t<\/div>\n\t\t<\/section>\n\t\t\t\t<section class=\"elementor-section elementor-top-section elementor-element elementor-element-f2a3a58 elementor-section-boxed elementor-section-height-default elementor-section-height-default\" data-id=\"f2a3a58\" data-element_type=\"section\">\n\t\t\t\t\t\t<div class=\"elementor-container elementor-column-gap-default\">\n\t\t\t\t\t<div class=\"elementor-column elementor-col-50 elementor-top-column elementor-element elementor-element-7c8809b\" data-id=\"7c8809b\" data-element_type=\"column\">\n\t\t\t<div class=\"elementor-widget-wrap elementor-element-populated\">\n\t\t\t\t\t\t<div class=\"elementor-element elementor-element-564caf3 elementor-widget elementor-widget-image\" data-id=\"564caf3\" data-element_type=\"widget\" data-widget_type=\"image.default\">\n\t\t\t\t<div class=\"elementor-widget-container\">\n\t\t\t\t\t\t\t\t\t\t\t\t\t\t\t<img decoding=\"async\" width=\"758\" height=\"746\" src=\"https:\/\/dutchcanna.co\/wp-content\/uploads\/2022\/12\/canna2.jpg\" class=\"attachment-large size-large wp-image-3440\" alt=\"\" srcset=\"https:\/\/dutchcanna.co\/wp-content\/uploads\/2022\/12\/canna2.jpg 758w, https:\/\/dutchcanna.co\/wp-content\/uploads\/2022\/12\/canna2-640x630.jpg 640w, https:\/\/dutchcanna.co\/wp-content\/uploads\/2022\/12\/canna2-12x12.jpg 12w, https:\/\/dutchcanna.co\/wp-content\/uploads\/2022\/12\/canna2-539x530.jpg 539w\" sizes=\"(max-width: 758px) 100vw, 758px\" \/>\t\t\t\t\t\t\t\t\t\t\t\t\t\t\t<\/div>\n\t\t\t\t<\/div>\n\t\t\t\t\t<\/div>\n\t\t<\/div>\n\t\t\t\t<div class=\"elementor-column elementor-col-50 elementor-top-column elementor-element elementor-element-ee72799\" data-id=\"ee72799\" data-element_type=\"column\">\n\t\t\t<div class=\"elementor-widget-wrap elementor-element-populated\">\n\t\t\t\t\t\t<div class=\"elementor-element elementor-element-ddac126 elementor-widget elementor-widget-heading\" data-id=\"ddac126\" data-element_type=\"widget\" data-widget_type=\"heading.default\">\n\t\t\t\t<div class=\"elementor-widget-container\">\n\t\t\t\t\t<h2 class=\"elementor-heading-title elementor-size-default\">Vision<\/h2>\t\t\t\t<\/div>\n\t\t\t\t<\/div>\n\t\t\t\t<div class=\"elementor-element elementor-element-21415cc elementor-widget elementor-widget-text-editor\" data-id=\"21415cc\" data-element_type=\"widget\" data-widget_type=\"text-editor.default\">\n\t\t\t\t<div class=\"elementor-widget-container\">\n\t\t\t\t\t\t\t\t\t<p>Ser punto de referencia de medicina cann\u00e1bica a nivel nacional, mejorando la calidad de vida del consumidor, con productos farmac\u00e9uticos, dermocosm\u00e9ticos y veterinarios amigables con el medio ambiente y con responsabilidad social.<\/p><p>Liderar la investigaci\u00f3n de medicina cann\u00e1bica a nivel nacional e internacional<\/p>\t\t\t\t\t\t\t\t<\/div>\n\t\t\t\t<\/div>\n\t\t\t\t\t<\/div>\n\t\t<\/div>\n\t\t\t\t\t<\/div>\n\t\t<\/section>\n\t\t\t\t<section class=\"elementor-section elementor-top-section elementor-element elementor-element-1a0a5f1 elementor-section-boxed elementor-section-height-default elementor-section-height-default\" data-id=\"1a0a5f1\" data-element_type=\"section\">\n\t\t\t\t\t\t<div class=\"elementor-container elementor-column-gap-default\">\n\t\t\t\t\t<div class=\"elementor-column elementor-col-100 elementor-top-column elementor-element elementor-element-0d881cd\" data-id=\"0d881cd\" data-element_type=\"column\">\n\t\t\t<div class=\"elementor-widget-wrap\">\n\t\t\t\t\t\t\t<\/div>\n\t\t<\/div>\n\t\t\t\t\t<\/div>\n\t\t<\/section>\n\t\t\t\t<\/div>","protected":false},"excerpt":{"rendered":"<p>Misi\u00f3n Ser una organizaci\u00f3n l\u00edder en investigaci\u00f3n, desarrollo, innovaci\u00f3n, producci\u00f3n y comercializaci\u00f3n en el campo de la medicina cann\u00e1bica. entregando soluciones farmac\u00e9uticas, dermocosm\u00e9tica y veterinarias a base de derivados del cannabis. cumpliendo con altos est\u00e1ndares de calidad y seguridad de los productos, mejorando la calidad de vida de los consumidores; siendo responsables con el medio [&hellip;]<\/p>","protected":false},"author":1,"featured_media":0,"parent":0,"menu_order":0,"comment_status":"closed","ping_status":"closed","template":"","meta":{"footnotes":""},"class_list":["post-3417","page","type-page","status-publish","hentry"],"jetpack_sharing_enabled":true,"_links":{"self":[{"href":"https:\/\/dutchcanna.co\/en\/wp-json\/wp\/v2\/pages\/3417","targetHints":{"allow":["GET"]}}],"collection":[{"href":"https:\/\/dutchcanna.co\/en\/wp-json\/wp\/v2\/pages"}],"about":[{"href":"https:\/\/dutchcanna.co\/en\/wp-json\/wp\/v2\/types\/page"}],"author":[{"embeddable":true,"href":"https:\/\/dutchcanna.co\/en\/wp-json\/wp\/v2\/users\/1"}],"replies":[{"embeddable":true,"href":"https:\/\/dutchcanna.co\/en\/wp-json\/wp\/v2\/comments?post=3417"}],"version-history":[{"count":24,"href":"https:\/\/dutchcanna.co\/en\/wp-json\/wp\/v2\/pages\/3417\/revisions"}],"predecessor-version":[{"id":3514,"href":"https:\/\/dutchcanna.co\/en\/wp-json\/wp\/v2\/pages\/3417\/revisions\/3514"}],"wp:attachment":[{"href":"https:\/\/dutchcanna.co\/en\/wp-json\/wp\/v2\/media?parent=3417"}],"curies":[{"name":"wp","href":"https:\/\/api.w.org\/{rel}","templated":true}]}}